{"id":219,"date":"2020-01-12T08:56:08","date_gmt":"2020-01-12T08:56:08","guid":{"rendered":"https:\/\/www.spytool.pro\/?page_id=219"},"modified":"2022-02-21T09:22:04","modified_gmt":"2022-02-21T09:22:04","slug":"mentions-legales","status":"publish","type":"page","link":"https:\/\/www.spytool.pro\/el\/mentions-legales\/","title":{"rendered":"\u039d\u03bf\u03bc\u03b9\u03ba\u03ad\u03c2 \u03b5\u03b9\u03b4\u03bf\u03c0\u03bf\u03b9\u03ae\u03c3\u03b5\u03b9\u03c2"},"content":{"rendered":"<div data-elementor-type=\"wp-page\" data-elementor-id=\"219\" class=\"elementor elementor-219\" data-elementor-post-type=\"page\">\n\t\t\t\t\t\t<section class=\"elementor-section elementor-top-section elementor-element elementor-element-d452c40 elementor-section-boxed elementor-section-height-default elementor-section-height-default\" data-id=\"d452c40\" data-element_type=\"section\">\n\t\t\t\t\t\t<div class=\"elementor-container elementor-column-gap-default\">\n\t\t\t\t\t<div class=\"elementor-column elementor-col-50 elementor-top-column elementor-element elementor-element-c98bf34\" data-id=\"c98bf34\" data-element_type=\"column\" data-settings=\"{&quot;background_background&quot;:&quot;classic&quot;}\">\n\t\t\t<div class=\"elementor-widget-wrap elementor-element-populated\">\n\t\t\t\t\t\t<div class=\"elementor-element elementor-element-3734acf elementor-widget elementor-widget-text-editor\" data-id=\"3734acf\" data-element_type=\"widget\" data-widget_type=\"text-editor.default\">\n\t\t\t\t<div class=\"elementor-widget-container\">\n\t\t\t\t\t\t\t<p><strong>Site :<\/strong> http:\/\/www.spytool.pro<\/p><p><strong>Editeur :<\/strong>\u00a0IXYR, soci\u00e9t\u00e9 par actions simplifi\u00e9e au capital de 100 euros, dont le si\u00e8ge social est situ\u00e9 2 All\u00e9e du grand louis 33320 Eysines, France Immatricul\u00e9e au registre du commerce et des soci\u00e9t\u00e9s de Bordeaux sous le num\u00e9ro : 879 644 367<\/p><p><strong>N\u00b0 de TVA :<\/strong> FR01879644367<\/p><p><strong>Directeur de la publication :<\/strong> IXYR<\/p><p><strong>Conception et r\u00e9alisation :<\/strong> IXYR<\/p><p><strong>H\u00e9bergeur :<\/strong> OVH &#8211; 2 rue Kellermann &#8211; 59100 Roubaix &#8211; France<\/p>\t\t\t\t\t\t<\/div>\n\t\t\t\t<\/div>\n\t\t\t\t\t<\/div>\n\t\t<\/div>\n\t\t\t\t<div class=\"elementor-column elementor-col-50 elementor-top-column elementor-element elementor-element-d372259\" data-id=\"d372259\" data-element_type=\"column\">\n\t\t\t<div class=\"elementor-widget-wrap elementor-element-populated\">\n\t\t\t\t\t\t<div class=\"elementor-element elementor-element-e8ab73e elementor-widget elementor-widget-heading\" data-id=\"e8ab73e\" data-element_type=\"widget\" data-widget_type=\"heading.default\">\n\t\t\t\t<div class=\"elementor-widget-container\">\n\t\t\t<h2 class=\"elementor-heading-title elementor-size-default\">\u039d\u03bf\u03bc\u03b9\u03ba\u03ad\u03c2 \u03b5\u03b9\u03b4\u03bf\u03c0\u03bf\u03b9\u03ae\u03c3\u03b5\u03b9\u03c2<\/h2>\t\t<\/div>\n\t\t\t\t<\/div>\n\t\t\t\t<div class=\"elementor-element elementor-element-2fa4351 elementor-widget elementor-widget-heading\" data-id=\"2fa4351\" data-element_type=\"widget\" data-widget_type=\"heading.default\">\n\t\t\t\t<div class=\"elementor-widget-container\">\n\t\t\t<h2 class=\"elementor-heading-title elementor-size-default\">\u039a\u03ac\u03bd\u03c4\u03b5 \u03bc\u03b9\u03b1 \u03b5\u03c1\u03ce\u03c4\u03b7\u03c3\u03b7;<\/h2>\t\t<\/div>\n\t\t\t\t<\/div>\n\t\t\t\t\t<\/div>\n\t\t<\/div>\n\t\t\t\t\t<\/div>\n\t\t<\/section>\n\t\t\t\t<section class=\"elementor-section elementor-top-section elementor-element elementor-element-c7a68fc elementor-section-boxed elementor-section-height-default elementor-section-height-default\" data-id=\"c7a68fc\" data-element_type=\"section\">\n\t\t\t\t\t\t<div class=\"elementor-container elementor-column-gap-default\">\n\t\t\t\t\t<div class=\"elementor-column elementor-col-100 elementor-top-column elementor-element elementor-element-ef0f83a\" data-id=\"ef0f83a\" data-element_type=\"column\">\n\t\t\t<div class=\"elementor-widget-wrap elementor-element-populated\">\n\t\t\t\t\t\t<div class=\"elementor-element elementor-element-2fad760 elementor-widget elementor-widget-spacer\" data-id=\"2fad760\" data-element_type=\"widget\" data-widget_type=\"spacer.default\">\n\t\t\t\t<div class=\"elementor-widget-container\">\n\t\t\t\t\t<div class=\"elementor-spacer\">\n\t\t\t<div class=\"elementor-spacer-inner\"><\/div>\n\t\t<\/div>\n\t\t\t\t<\/div>\n\t\t\t\t<\/div>\n\t\t\t\t\t<\/div>\n\t\t<\/div>\n\t\t\t\t\t<\/div>\n\t\t<\/section>\n\t\t\t\t<\/div>","protected":false},"excerpt":{"rendered":"<p>Site : http:\/\/www.spytool.pro Editeur :\u00a0IXYR, soci\u00e9t\u00e9 par actions simplifi\u00e9e au capital de 100 euros, dont le si\u00e8ge social est situ\u00e9 2 All\u00e9e du grand louis 33320 Eysines, France Immatricul\u00e9e au registre du commerce et des soci\u00e9t\u00e9s de Bordeaux sous le num\u00e9ro : 879 644 367 N\u00b0 de TVA : FR01879644367 Directeur de la publication : [&hellip;]<\/p>","protected":false},"author":5,"featured_media":0,"parent":0,"menu_order":0,"comment_status":"closed","ping_status":"closed","template":"elementor_header_footer","meta":{"footnotes":""},"class_list":["post-219","page","type-page","status-publish","hentry"],"yoast_head":"<!-- This site is optimized with the Yoast SEO plugin v26.0 - https:\/\/yoast.com\/wordpress\/plugins\/seo\/ -->\n<title>Mentions l\u00e9gales - SPYTOOL<\/title>\n<meta name=\"robots\" content=\"noindex, nofollow\" \/>\n<meta property=\"og:locale\" content=\"el_GR\" \/>\n<meta property=\"og:type\" content=\"article\" \/>\n<meta property=\"og:title\" content=\"Mentions l\u00e9gales - SPYTOOL\" \/>\n<meta property=\"og:description\" content=\"Site : http:\/\/www.spytool.pro Editeur :\u00a0IXYR, soci\u00e9t\u00e9 par actions simplifi\u00e9e au capital de 100 euros, dont le si\u00e8ge social est situ\u00e9 2 All\u00e9e du grand louis 33320 Eysines, France Immatricul\u00e9e au registre du commerce et des soci\u00e9t\u00e9s de Bordeaux sous le num\u00e9ro : 879 644 367 N\u00b0 de TVA : FR01879644367 Directeur de la publication : [&hellip;]\" \/>\n<meta property=\"og:url\" content=\"https:\/\/www.spytool.pro\/el\/mentions-legales\/\" \/>\n<meta property=\"og:site_name\" content=\"SPYTOOL\" \/>\n<meta property=\"article:modified_time\" content=\"2022-02-21T09:22:04+00:00\" \/>\n<meta name=\"twitter:card\" content=\"summary_large_image\" \/>\n<script type=\"application\/ld+json\" class=\"yoast-schema-graph\">{\"@context\":\"https:\/\/schema.org\",\"@graph\":[{\"@type\":\"WebPage\",\"@id\":\"https:\/\/www.spytool.pro\/fr\/mentions-legales\/\",\"url\":\"https:\/\/www.spytool.pro\/fr\/mentions-legales\/\",\"name\":\"Mentions l\u00e9gales - SPYTOOL\",\"isPartOf\":{\"@id\":\"https:\/\/www.spytool.pro\/fr\/#website\"},\"datePublished\":\"2020-01-12T08:56:08+00:00\",\"dateModified\":\"2022-02-21T09:22:04+00:00\",\"breadcrumb\":{\"@id\":\"https:\/\/www.spytool.pro\/fr\/mentions-legales\/#breadcrumb\"},\"inLanguage\":\"el\",\"potentialAction\":[{\"@type\":\"ReadAction\",\"target\":[\"https:\/\/www.spytool.pro\/fr\/mentions-legales\/\"]}]},{\"@type\":\"BreadcrumbList\",\"@id\":\"https:\/\/www.spytool.pro\/fr\/mentions-legales\/#breadcrumb\",\"itemListElement\":[{\"@type\":\"ListItem\",\"position\":1,\"name\":\"Accueil\",\"item\":\"https:\/\/www.spytool.pro\/fr\/\"},{\"@type\":\"ListItem\",\"position\":2,\"name\":\"Mentions l\u00e9gales\"}]},{\"@type\":\"WebSite\",\"@id\":\"https:\/\/www.spytool.pro\/fr\/#website\",\"url\":\"https:\/\/www.spytool.pro\/fr\/\",\"name\":\"SPYTOOL\",\"description\":\"Localiser vos proches en quelques secondes\",\"potentialAction\":[{\"@type\":\"SearchAction\",\"target\":{\"@type\":\"EntryPoint\",\"urlTemplate\":\"https:\/\/www.spytool.pro\/fr\/?s={search_term_string}\"},\"query-input\":{\"@type\":\"PropertyValueSpecification\",\"valueRequired\":true,\"valueName\":\"search_term_string\"}}],\"inLanguage\":\"el\"}]}<\/script>\n<!-- \/ Yoast SEO plugin. -->","yoast_head_json":{"title":"Mentions l\u00e9gales - SPYTOOL","robots":{"index":"noindex","follow":"nofollow"},"og_locale":"el_GR","og_type":"article","og_title":"Mentions l\u00e9gales - SPYTOOL","og_description":"Site : http:\/\/www.spytool.pro Editeur :\u00a0IXYR, soci\u00e9t\u00e9 par actions simplifi\u00e9e au capital de 100 euros, dont le si\u00e8ge social est situ\u00e9 2 All\u00e9e du grand louis 33320 Eysines, France Immatricul\u00e9e au registre du commerce et des soci\u00e9t\u00e9s de Bordeaux sous le num\u00e9ro : 879 644 367 N\u00b0 de TVA : FR01879644367 Directeur de la publication : [&hellip;]","og_url":"https:\/\/www.spytool.pro\/el\/mentions-legales\/","og_site_name":"SPYTOOL","article_modified_time":"2022-02-21T09:22:04+00:00","twitter_card":"summary_large_image","schema":{"@context":"https:\/\/schema.org","@graph":[{"@type":"WebPage","@id":"https:\/\/www.spytool.pro\/fr\/mentions-legales\/","url":"https:\/\/www.spytool.pro\/fr\/mentions-legales\/","name":"Mentions l\u00e9gales - SPYTOOL","isPartOf":{"@id":"https:\/\/www.spytool.pro\/fr\/#website"},"datePublished":"2020-01-12T08:56:08+00:00","dateModified":"2022-02-21T09:22:04+00:00","breadcrumb":{"@id":"https:\/\/www.spytool.pro\/fr\/mentions-legales\/#breadcrumb"},"inLanguage":"el","potentialAction":[{"@type":"ReadAction","target":["https:\/\/www.spytool.pro\/fr\/mentions-legales\/"]}]},{"@type":"BreadcrumbList","@id":"https:\/\/www.spytool.pro\/fr\/mentions-legales\/#breadcrumb","itemListElement":[{"@type":"ListItem","position":1,"name":"Accueil","item":"https:\/\/www.spytool.pro\/fr\/"},{"@type":"ListItem","position":2,"name":"Mentions l\u00e9gales"}]},{"@type":"WebSite","@id":"https:\/\/www.spytool.pro\/fr\/#website","url":"https:\/\/www.spytool.pro\/fr\/","name":"SPYTOOL","description":"Localiser vos proches en quelques secondes","potentialAction":[{"@type":"SearchAction","target":{"@type":"EntryPoint","urlTemplate":"https:\/\/www.spytool.pro\/fr\/?s={search_term_string}"},"query-input":{"@type":"PropertyValueSpecification","valueRequired":true,"valueName":"search_term_string"}}],"inLanguage":"el"}]}},"_links":{"self":[{"href":"https:\/\/www.spytool.pro\/el\/wp-json\/wp\/v2\/pages\/219","targetHints":{"allow":["GET"]}}],"collection":[{"href":"https:\/\/www.spytool.pro\/el\/wp-json\/wp\/v2\/pages"}],"about":[{"href":"https:\/\/www.spytool.pro\/el\/wp-json\/wp\/v2\/types\/page"}],"author":[{"embeddable":true,"href":"https:\/\/www.spytool.pro\/el\/wp-json\/wp\/v2\/users\/5"}],"replies":[{"embeddable":true,"href":"https:\/\/www.spytool.pro\/el\/wp-json\/wp\/v2\/comments?post=219"}],"version-history":[{"count":8,"href":"https:\/\/www.spytool.pro\/el\/wp-json\/wp\/v2\/pages\/219\/revisions"}],"predecessor-version":[{"id":674,"href":"https:\/\/www.spytool.pro\/el\/wp-json\/wp\/v2\/pages\/219\/revisions\/674"}],"wp:attachment":[{"href":"https:\/\/www.spytool.pro\/el\/wp-json\/wp\/v2\/media?parent=219"}],"curies":[{"name":"wp","href":"https:\/\/api.w.org\/{rel}","templated":true}]}}