{"id":239,"date":"2020-01-12T09:48:19","date_gmt":"2020-01-12T09:48:19","guid":{"rendered":"https:\/\/www.spytool.pro\/?page_id=239"},"modified":"2024-06-19T08:52:24","modified_gmt":"2024-06-19T08:52:24","slug":"contacter-le-service-apres-ventes","status":"publish","type":"page","link":"https:\/\/www.spytool.pro\/pt\/contacter-le-service-apres-ventes\/","title":{"rendered":"Entre em contato com o servi\u00e7o de vendas"},"content":{"rendered":"<div data-elementor-type=\"wp-page\" data-elementor-id=\"239\" class=\"elementor elementor-239\" data-elementor-post-type=\"page\">\n\t\t\t\t\t\t<section class=\"elementor-section elementor-top-section elementor-element elementor-element-d452c40 elementor-section-boxed elementor-section-height-default elementor-section-height-default\" data-id=\"d452c40\" data-element_type=\"section\">\n\t\t\t\t\t\t<div class=\"elementor-container elementor-column-gap-default\">\n\t\t\t\t\t<div class=\"elementor-column elementor-col-50 elementor-top-column elementor-element elementor-element-c98bf34\" data-id=\"c98bf34\" data-element_type=\"column\" data-settings=\"{&quot;background_background&quot;:&quot;classic&quot;}\">\n\t\t\t<div class=\"elementor-widget-wrap elementor-element-populated\">\n\t\t\t\t\t\t<div class=\"elementor-element elementor-element-3734acf elementor-widget elementor-widget-text-editor\" data-id=\"3734acf\" data-element_type=\"widget\" data-widget_type=\"text-editor.default\">\n\t\t\t\t<div class=\"elementor-widget-container\">\n\t\t\t\t\t\t\t<p><strong>Contato :<\/strong>09 71 07 89 16<\/p><p>Segunda a sexta-feira, das 9h \u00e0s 18h - somente franc\u00eas<\/p><p>Para todas as suas solicita\u00e7\u00f5es relativas \u00e0 opera\u00e7\u00e3o de nosso servi\u00e7o ou nossa oferta de pre\u00e7os, nossa equipe est\u00e1 dispon\u00edvel gratuitamente por telefone, chat e e-mail neste endere\u00e7o: <a href=\"mailto:contact@spytool.pro\">contact@spytool.pro<\/a><\/p>\t\t\t\t\t\t<\/div>\n\t\t\t\t<\/div>\n\t\t\t\t<div class=\"elementor-element elementor-element-a3875a1 elementor-widget elementor-widget-heading\" data-id=\"a3875a1\" data-element_type=\"widget\" data-widget_type=\"heading.default\">\n\t\t\t\t<div class=\"elementor-widget-container\">\n\t\t\t<h2 class=\"elementor-heading-title elementor-size-default\">Formul\u00e1rio de contato :<\/h2>\t\t<\/div>\n\t\t\t\t<\/div>\n\t\t\t\t<div class=\"elementor-element elementor-element-bdb7ad5 elementor-button-align-center elementor-widget elementor-widget-form\" data-id=\"bdb7ad5\" data-element_type=\"widget\" data-settings=\"{&quot;step_next_label&quot;:&quot;Suivant&quot;,&quot;step_previous_label&quot;:&quot;Pr\\u00e9c\\u00e9dent&quot;,&quot;button_width&quot;:&quot;100&quot;,&quot;step_type&quot;:&quot;number_text&quot;,&quot;step_icon_shape&quot;:&quot;circle&quot;}\" data-widget_type=\"form.default\">\n\t\t\t\t<div class=\"elementor-widget-container\">\n\t\t\t\t\t<form class=\"elementor-form\" method=\"post\" name=\"New Form\" action=\"\">\n\t\t\t<input type=\"hidden\" name=\"post_id\" value=\"239\"\/>\n\t\t\t<input type=\"hidden\" name=\"form_id\" value=\"bdb7ad5\"\/>\n\t\t\t<input type=\"hidden\" name=\"referer_title\" value=\"SPYTOOL\" \/>\n\n\t\t\t\n\t\t\t<div class=\"elementor-form-fields-wrapper elementor-labels-\">\n\t\t\t\t\t\t\t\t<div class=\"elementor-field-type-text elementor-field-group elementor-column elementor-field-group-name elementor-col-50\">\n\t\t\t\t\t\t\t\t\t\t\t\t<label for=\"form-field-name\" class=\"elementor-field-label elementor-screen-only\">\n\t\t\t\t\t\t\t\tNome\t\t\t\t\t\t\t<\/label>\n\t\t\t\t\t\t\t\t\t\t\t\t\t\t<input size=\"1\" type=\"text\" name=\"form_fields[name]\" id=\"form-field-name\" class=\"elementor-field elementor-size-sm  elementor-field-textual\" placeholder=\"Nome\">\n\t\t\t\t\t\t\t\t\t\t\t<\/div>\n\t\t\t\t\t\t\t\t<div class=\"elementor-field-type-text elementor-field-group elementor-column elementor-field-group-field_1 elementor-col-50\">\n\t\t\t\t\t\t\t\t\t\t\t\t<label for=\"form-field-field_1\" class=\"elementor-field-label elementor-screen-only\">\n\t\t\t\t\t\t\t\tPrimeiro nome\t\t\t\t\t\t\t<\/label>\n\t\t\t\t\t\t\t\t\t\t\t\t\t\t<input size=\"1\" type=\"text\" name=\"form_fields[field_1]\" id=\"form-field-field_1\" class=\"elementor-field elementor-size-sm  elementor-field-textual\" placeholder=\"Primeiro nome\">\n\t\t\t\t\t\t\t\t\t\t\t<\/div>\n\t\t\t\t\t\t\t\t<div class=\"elementor-field-type-email elementor-field-group elementor-column elementor-field-group-email elementor-col-100 elementor-field-required\">\n\t\t\t\t\t\t\t\t\t\t\t\t<label for=\"form-field-email\" class=\"elementor-field-label elementor-screen-only\">\n\t\t\t\t\t\t\t\tEmail\t\t\t\t\t\t\t<\/label>\n\t\t\t\t\t\t\t\t\t\t\t\t\t\t<input size=\"1\" type=\"email\" name=\"form_fields[email]\" id=\"form-field-email\" class=\"elementor-field elementor-size-sm  elementor-field-textual\" placeholder=\"Email\" required=\"required\" aria-required=\"true\">\n\t\t\t\t\t\t\t\t\t\t\t<\/div>\n\t\t\t\t\t\t\t\t<div class=\"elementor-field-type-textarea elementor-field-group elementor-column elementor-field-group-message elementor-col-100\">\n\t\t\t\t\t\t\t\t\t\t\t\t<label for=\"form-field-message\" class=\"elementor-field-label elementor-screen-only\">\n\t\t\t\t\t\t\t\tMensagem\t\t\t\t\t\t\t<\/label>\n\t\t\t\t\t\t<textarea class=\"elementor-field-textual elementor-field  elementor-size-sm\" name=\"form_fields[message]\" id=\"form-field-message\" rows=\"4\" placeholder=\"Mensagem\"><\/textarea>\t\t\t\t<\/div>\n\t\t\t\t\t\t\t\t<div class=\"elementor-field-type-recaptcha elementor-field-group elementor-column elementor-field-group-field_fee6fb8 elementor-col-100\">\n\t\t\t\t\t<div class=\"elementor-field\" id=\"form-field-field_fee6fb8\"><div class=\"elementor-g-recaptcha\" data-sitekey=\"6Lc016ImAAAAAGjMFsQNTbrIqjsaB7vuidQ3zzYb\" data-type=\"v2_checkbox\" data-theme=\"light\" data-size=\"normal\"><\/div><\/div>\t\t\t\t<\/div>\n\t\t\t\t\t\t\t\t<div class=\"elementor-field-group elementor-column elementor-field-type-submit elementor-col-100 e-form__buttons\">\n\t\t\t\t\t<button class=\"elementor-button elementor-size-sm\" type=\"submit\">\n\t\t\t\t\t\t<span class=\"elementor-button-content-wrapper\">\n\t\t\t\t\t\t\t\t\t\t\t\t\t\t\t\t\t\t\t\t\t\t<span class=\"elementor-button-text\">Enviar mensagem<\/span>\n\t\t\t\t\t\t\t\t\t\t\t\t\t<\/span>\n\t\t\t\t\t<\/button>\n\t\t\t\t<\/div>\n\t\t\t<\/div>\n\t\t<input type=\"hidden\" name=\"trp-form-language\" value=\"pt\"\/><\/form>\n\t\t\t\t<\/div>\n\t\t\t\t<\/div>\n\t\t\t\t\t<\/div>\n\t\t<\/div>\n\t\t\t\t<div class=\"elementor-column elementor-col-50 elementor-top-column elementor-element elementor-element-d372259\" data-id=\"d372259\" data-element_type=\"column\">\n\t\t\t<div class=\"elementor-widget-wrap elementor-element-populated\">\n\t\t\t\t\t\t<div class=\"elementor-element elementor-element-e8ab73e elementor-widget elementor-widget-heading\" data-id=\"e8ab73e\" data-element_type=\"widget\" data-widget_type=\"heading.default\">\n\t\t\t\t<div class=\"elementor-widget-container\">\n\t\t\t<h2 class=\"elementor-heading-title elementor-size-default\">Entre em contato com o servi\u00e7o de vendas<\/h2>\t\t<\/div>\n\t\t\t\t<\/div>\n\t\t\t\t<div class=\"elementor-element elementor-element-2fa4351 elementor-widget elementor-widget-heading\" data-id=\"2fa4351\" data-element_type=\"widget\" data-widget_type=\"heading.default\">\n\t\t\t\t<div class=\"elementor-widget-container\">\n\t\t\t<h2 class=\"elementor-heading-title elementor-size-default\">Fa\u00e7a uma pergunta ?<\/h2>\t\t<\/div>\n\t\t\t\t<\/div>\n\t\t\t\t\t<\/div>\n\t\t<\/div>\n\t\t\t\t\t<\/div>\n\t\t<\/section>\n\t\t\t\t<section class=\"elementor-section elementor-top-section elementor-element elementor-element-c7a68fc elementor-section-boxed elementor-section-height-default elementor-section-height-default\" data-id=\"c7a68fc\" data-element_type=\"section\">\n\t\t\t\t\t\t<div class=\"elementor-container elementor-column-gap-default\">\n\t\t\t\t\t<div class=\"elementor-column elementor-col-100 elementor-top-column elementor-element elementor-element-ef0f83a\" data-id=\"ef0f83a\" data-element_type=\"column\">\n\t\t\t<div class=\"elementor-widget-wrap elementor-element-populated\">\n\t\t\t\t\t\t<div class=\"elementor-element elementor-element-2fad760 elementor-widget elementor-widget-spacer\" data-id=\"2fad760\" data-element_type=\"widget\" data-widget_type=\"spacer.default\">\n\t\t\t\t<div class=\"elementor-widget-container\">\n\t\t\t\t\t<div class=\"elementor-spacer\">\n\t\t\t<div class=\"elementor-spacer-inner\"><\/div>\n\t\t<\/div>\n\t\t\t\t<\/div>\n\t\t\t\t<\/div>\n\t\t\t\t\t<\/div>\n\t\t<\/div>\n\t\t\t\t\t<\/div>\n\t\t<\/section>\n\t\t\t\t<\/div>","protected":false},"excerpt":{"rendered":"<p>Contact :09 71 07 89 16 Du lundi au vendredi de 9h \u00e0 18h \u2013 French only Pour toutes vos demandes concernant le fonctionnement de notre service ou sur notre offre tarifaire, notre \u00e9quipe se tient \u00e0 votre disposition gratuitement par t\u00e9l\u00e9phone, par chat et par e-mail \u00e0 cette adresse : contact@spytool.pro Formulaire de contact [&hellip;]<\/p>","protected":false},"author":5,"featured_media":0,"parent":0,"menu_order":0,"comment_status":"closed","ping_status":"closed","template":"elementor_header_footer","meta":{"footnotes":""},"class_list":["post-239","page","type-page","status-publish","hentry"],"yoast_head":"<!-- This site is optimized with the Yoast SEO plugin v26.0 - https:\/\/yoast.com\/wordpress\/plugins\/seo\/ -->\n<title>Contacter le service apr\u00e8s ventes - SPYTOOL<\/title>\n<meta name=\"robots\" content=\"noindex, follow, max-snippet:-1, max-image-preview:large, max-video-preview:-1\" \/>\n<meta property=\"og:locale\" content=\"pt_PT\" \/>\n<meta property=\"og:type\" content=\"article\" \/>\n<meta property=\"og:title\" content=\"Contacter le service apr\u00e8s ventes - SPYTOOL\" \/>\n<meta property=\"og:description\" content=\"Contact :09 71 07 89 16 Du lundi au vendredi de 9h \u00e0 18h \u2013 French only Pour toutes vos demandes concernant le fonctionnement de notre service ou sur notre offre tarifaire, notre \u00e9quipe se tient \u00e0 votre disposition gratuitement par t\u00e9l\u00e9phone, par chat et par e-mail \u00e0 cette adresse : contact@spytool.pro Formulaire de contact [&hellip;]\" \/>\n<meta property=\"og:url\" content=\"https:\/\/www.spytool.pro\/pt\/contacter-le-service-apres-ventes\/\" \/>\n<meta property=\"og:site_name\" content=\"SPYTOOL\" \/>\n<meta property=\"article:modified_time\" content=\"2024-06-19T08:52:24+00:00\" \/>\n<meta name=\"twitter:card\" content=\"summary_large_image\" \/>\n<script type=\"application\/ld+json\" class=\"yoast-schema-graph\">{\"@context\":\"https:\/\/schema.org\",\"@graph\":[{\"@type\":\"WebPage\",\"@id\":\"https:\/\/www.spytool.pro\/it\/contacter-le-service-apres-ventes\/\",\"url\":\"https:\/\/www.spytool.pro\/it\/contacter-le-service-apres-ventes\/\",\"name\":\"Contacter le service apr\u00e8s ventes - SPYTOOL\",\"isPartOf\":{\"@id\":\"https:\/\/www.spytool.pro\/fr\/#website\"},\"datePublished\":\"2020-01-12T09:48:19+00:00\",\"dateModified\":\"2024-06-19T08:52:24+00:00\",\"breadcrumb\":{\"@id\":\"https:\/\/www.spytool.pro\/it\/contacter-le-service-apres-ventes\/#breadcrumb\"},\"inLanguage\":\"pt-PT\",\"potentialAction\":[{\"@type\":\"ReadAction\",\"target\":[\"https:\/\/www.spytool.pro\/it\/contacter-le-service-apres-ventes\/\"]}]},{\"@type\":\"BreadcrumbList\",\"@id\":\"https:\/\/www.spytool.pro\/it\/contacter-le-service-apres-ventes\/#breadcrumb\",\"itemListElement\":[{\"@type\":\"ListItem\",\"position\":1,\"name\":\"Accueil\",\"item\":\"https:\/\/www.spytool.pro\/fr\/\"},{\"@type\":\"ListItem\",\"position\":2,\"name\":\"Contacter le service apr\u00e8s ventes\"}]},{\"@type\":\"WebSite\",\"@id\":\"https:\/\/www.spytool.pro\/fr\/#website\",\"url\":\"https:\/\/www.spytool.pro\/fr\/\",\"name\":\"SPYTOOL\",\"description\":\"Localiser vos proches en quelques secondes\",\"potentialAction\":[{\"@type\":\"SearchAction\",\"target\":{\"@type\":\"EntryPoint\",\"urlTemplate\":\"https:\/\/www.spytool.pro\/fr\/?s={search_term_string}\"},\"query-input\":{\"@type\":\"PropertyValueSpecification\",\"valueRequired\":true,\"valueName\":\"search_term_string\"}}],\"inLanguage\":\"pt-PT\"}]}<\/script>\n<!-- \/ Yoast SEO plugin. -->","yoast_head_json":{"title":"Contacter le service apr\u00e8s ventes - SPYTOOL","robots":{"index":"noindex","follow":"follow","max-snippet":"max-snippet:-1","max-image-preview":"max-image-preview:large","max-video-preview":"max-video-preview:-1"},"og_locale":"pt_PT","og_type":"article","og_title":"Contacter le service apr\u00e8s ventes - SPYTOOL","og_description":"Contact :09 71 07 89 16 Du lundi au vendredi de 9h \u00e0 18h \u2013 French only Pour toutes vos demandes concernant le fonctionnement de notre service ou sur notre offre tarifaire, notre \u00e9quipe se tient \u00e0 votre disposition gratuitement par t\u00e9l\u00e9phone, par chat et par e-mail \u00e0 cette adresse : contact@spytool.pro Formulaire de contact [&hellip;]","og_url":"https:\/\/www.spytool.pro\/pt\/contacter-le-service-apres-ventes\/","og_site_name":"SPYTOOL","article_modified_time":"2024-06-19T08:52:24+00:00","twitter_card":"summary_large_image","schema":{"@context":"https:\/\/schema.org","@graph":[{"@type":"WebPage","@id":"https:\/\/www.spytool.pro\/it\/contacter-le-service-apres-ventes\/","url":"https:\/\/www.spytool.pro\/it\/contacter-le-service-apres-ventes\/","name":"Contacter le service apr\u00e8s ventes - SPYTOOL","isPartOf":{"@id":"https:\/\/www.spytool.pro\/fr\/#website"},"datePublished":"2020-01-12T09:48:19+00:00","dateModified":"2024-06-19T08:52:24+00:00","breadcrumb":{"@id":"https:\/\/www.spytool.pro\/it\/contacter-le-service-apres-ventes\/#breadcrumb"},"inLanguage":"pt-PT","potentialAction":[{"@type":"ReadAction","target":["https:\/\/www.spytool.pro\/it\/contacter-le-service-apres-ventes\/"]}]},{"@type":"BreadcrumbList","@id":"https:\/\/www.spytool.pro\/it\/contacter-le-service-apres-ventes\/#breadcrumb","itemListElement":[{"@type":"ListItem","position":1,"name":"Accueil","item":"https:\/\/www.spytool.pro\/fr\/"},{"@type":"ListItem","position":2,"name":"Contacter le service apr\u00e8s ventes"}]},{"@type":"WebSite","@id":"https:\/\/www.spytool.pro\/fr\/#website","url":"https:\/\/www.spytool.pro\/fr\/","name":"SPYTOOL","description":"Localiser vos proches en quelques secondes","potentialAction":[{"@type":"SearchAction","target":{"@type":"EntryPoint","urlTemplate":"https:\/\/www.spytool.pro\/fr\/?s={search_term_string}"},"query-input":{"@type":"PropertyValueSpecification","valueRequired":true,"valueName":"search_term_string"}}],"inLanguage":"pt-PT"}]}},"_links":{"self":[{"href":"https:\/\/www.spytool.pro\/pt\/wp-json\/wp\/v2\/pages\/239","targetHints":{"allow":["GET"]}}],"collection":[{"href":"https:\/\/www.spytool.pro\/pt\/wp-json\/wp\/v2\/pages"}],"about":[{"href":"https:\/\/www.spytool.pro\/pt\/wp-json\/wp\/v2\/types\/page"}],"author":[{"embeddable":true,"href":"https:\/\/www.spytool.pro\/pt\/wp-json\/wp\/v2\/users\/5"}],"replies":[{"embeddable":true,"href":"https:\/\/www.spytool.pro\/pt\/wp-json\/wp\/v2\/comments?post=239"}],"version-history":[{"count":22,"href":"https:\/\/www.spytool.pro\/pt\/wp-json\/wp\/v2\/pages\/239\/revisions"}],"predecessor-version":[{"id":1006,"href":"https:\/\/www.spytool.pro\/pt\/wp-json\/wp\/v2\/pages\/239\/revisions\/1006"}],"wp:attachment":[{"href":"https:\/\/www.spytool.pro\/pt\/wp-json\/wp\/v2\/media?parent=239"}],"curies":[{"name":"wp","href":"https:\/\/api.w.org\/{rel}","templated":true}]}}